{"id":12,"date":"2026-01-21T13:25:17","date_gmt":"2026-01-21T12:25:17","guid":{"rendered":"https:\/\/mamere.intside.co\/?page_id=12"},"modified":"2026-01-29T18:00:42","modified_gmt":"2026-01-29T17:00:42","slug":"evenements","status":"publish","type":"page","link":"https:\/\/mamere.intside.co\/index.php\/evenements\/","title":{"rendered":"\u00c9v\u00e9nements"},"content":{"rendered":"\n  <div id=\"section-block_19b172713dff2291ee28c1c1e0c8a9be\" class=\"primary-bg pt-7 pt-lg-13\"> \n    <div class=\"container\">\n      <div class=\"row\">\n        <div class=\"col-lg-10 col-xl-9 mx-lg-auto content-center\">\n                                <div class=\"content-desc \"><p>On peut reprendre les r\u00eanes de sa maternit\u00e9 \u00e0 tout moment, si tant est que l&rsquo;on soit soutenue, comprise, entour\u00e9e et inform\u00e9e.<\/p>\n<\/div> \n           \n\n          \n        <\/div>  \n        <div class=\"col-lg-6 col-xl-5 mx-lg-auto mt-3 mt-lg-4\">\n             \n       \n           \n                   \n        <\/div> \n      <\/div>\n    <\/div>\n  <\/div>\n\n\n\n \n\n   \n  <div id=\"events-block_cf694ee99fe230cbfc3be03da23b1e0c\" class=\"events custombg pt-7 pt-lg-13\"> \n  \n    \n        \n        <div class=\"container\">\n          <div class=\"row\">\n                \n            <div class=\"col-12\">\n              <div id=\"posts-container\" class=\"row gy-3 gy-lg-5\">\n                                <div class=\"col-md-6\">\n                  \n\t<div class=\"events-card\">\n\t\t<div class=\"content-img\">\n\t\t\t<img loading=\"lazy\" decoding=\"async\" width=\"600\" height=\"485\" src=\"https:\/\/mamere.intside.co\/wp-content\/uploads\/2026\/01\/diy-maman-moi.png\" class=\"attachment-full size-full\" alt=\"\" srcset=\"https:\/\/mamere.intside.co\/wp-content\/uploads\/2026\/01\/diy-maman-moi.png 600w, https:\/\/mamere.intside.co\/wp-content\/uploads\/2026\/01\/diy-maman-moi-300x243.png 300w\" sizes=\"auto, (max-width: 600px) 100vw, 600px\" \/>\t\t\t\t\t\t\t<div class=\"events-date\">\n\t\t\t\t\t<span class=\"mb-0\">20 Juin 2026<\/span>\n\t\t\t\t<\/div>\n\t\t\t\t\t<\/div>\n\t\t<div class=\"events-body mt-5 mt-lg-9\">\n\t\t\t\t\t\t\t<p class=\"h3 mb-0\">Atelier \u00ab DIY Maman &#038; Moi \u00bb<\/p>\n\t\t\t\t\t\t\t\t\t\t<p class=\"mb-0\">Participez \u00e0 notre atelier DIY Maman &#038; Moi, un moment cr\u00e9atif et ludique \u00e0 partager avec vos enfants ! Venez apprendre \u00e0 fabriquer des objets d\u00e9coratifs, des jeux simples ou des petites surprises maison. Un moment de d\u00e9tente, de rires et de complicit\u00e9, parfait pour cr\u00e9er des souvenirs inoubliables avec vos petits.<\/p>\n\t\t\t\t\t\t\t\t\t\t<p class=\"h6 mb-0\">Avec Jenny Wilson<\/p>\n\t\t\t\t\t\t\t\t\t\t<a class=\"btn btn-primary mt-4\" href=\"#\" target=\"_self\">\n\t\t\t\t\tInscris-toi d\u00e8s maintenant\t\t\t\t<\/a>\n\t\t\t\t\t<\/div>\n\t<\/div>\n\n                <\/div>\n                                <div class=\"col-md-6\">\n                  \n\t<div class=\"events-card\">\n\t\t<div class=\"content-img\">\n\t\t\t<img loading=\"lazy\" decoding=\"async\" width=\"600\" height=\"485\" src=\"https:\/\/mamere.intside.co\/wp-content\/uploads\/2026\/01\/capsulefetes-1.png\" class=\"attachment-full size-full\" alt=\"\" srcset=\"https:\/\/mamere.intside.co\/wp-content\/uploads\/2026\/01\/capsulefetes-1.png 600w, https:\/\/mamere.intside.co\/wp-content\/uploads\/2026\/01\/capsulefetes-1-300x243.png 300w\" sizes=\"auto, (max-width: 600px) 100vw, 600px\" \/>\t\t\t\t\t\t\t<div class=\"events-date\">\n\t\t\t\t\t<span class=\"mb-0\">18 Mai 2026<\/span>\n\t\t\t\t<\/div>\n\t\t\t\t\t<\/div>\n\t\t<div class=\"events-body mt-5 mt-lg-9\">\n\t\t\t\t\t\t\t<p class=\"h3 mb-0\">La Semaine des Mamans Inspirantes<\/p>\n\t\t\t\t\t\t\t\t\t\t<p class=\"mb-0\">Rejoignez-nous pour La Semaine des Mamans Inspirantes : une s\u00e9rie d\u2019ateliers, d\u2019interviews et de partages o\u00f9 chaque maman peut s\u2019inspirer, apprendre de nouvelles astuces et rencontrer d\u2019autres mamans formidables. Une semaine d\u00e9di\u00e9e \u00e0 la cr\u00e9ativit\u00e9, au bien-\u00eatre et \u00e0 la convivialit\u00e9 !<\/p>\n\t\t\t\t\t\t\t\t\t\t<p class=\"h6 mb-0\">Avec Fran\u00e7ois Ambeur<\/p>\n\t\t\t\t\t\t\t\t\t\t<a class=\"btn btn-primary mt-4\" href=\"#\" target=\"_self\">\n\t\t\t\t\tInscris-toi d\u00e8s maintenant\t\t\t\t<\/a>\n\t\t\t\t\t<\/div>\n\t<\/div>\n\n                <\/div>\n                              <\/div>\n            <\/div>\n\n                          <div class=\"col-12 pt-5 pt-lg-9\">\n                <div id=\"pagination-container\" class=\"pt-4 pt-lg-5\">\n                  \n\t<nav class=\"navigation pagination\" aria-label=\"Pagination\">\n\t\t<h2 class=\"screen-reader-text\">Pagination<\/h2>\n\t\t<div class=\"nav-links\"><span aria-current=\"page\" class=\"page-numbers current\">1<\/span>\n<a class=\"page-numbers\" href=\"https:\/\/mamere.intside.co\/index.php\/wp-json\/wp\/v2\/pages\/12\/page\/2\/\">2<\/a>\n<a class=\"next page-numbers\" href=\"https:\/\/mamere.intside.co\/index.php\/wp-json\/wp\/v2\/pages\/12\/page\/2\/\">Suivant <i class=\"bi bi-arrow-right-short\"><\/i><\/a><\/div>\n\t<\/nav>                <\/div>\n              <\/div>\n                        \n          <\/div>\n        <\/div>\n        \n       \n  \n  <\/div>\n\n\n\n\n  <div id=\"join-block_6c5d221f548df505ae7fa8837b560913\" class=\"join pt-8 pt-lg-16\"> \n \n    <div class=\"container-fluid container-xxl\">\n      <div class=\"row\">\n                  <div class=\"col-xl-9 \">\n            <div class=\"px-3 px-xl-0\">\n              <div class=\"join-content join-content-left row tertiary-bg align-items-lg-center py-4 py-xl-6\">\n                                <div class=\"col-xl-6 mb-3 mb-xl-0 offset-xl-1 order-lg-1\">\n                                      <h2>Sessions de counseling en ligne<\/h2>\n                   \n                                      <div class=\"content-desc\"><p>Des sessions de counseling en ligne pour aider les femmes \u00e0 surmonter les difficult\u00e9s \u00e9motionnelles et psychologiques li\u00e9es \u00e0 la maternit\u00e9.<\/p>\n<\/div>\n                                  <\/div>\n              <\/div>  \n            <\/div>\n          <\/div>\n              <\/div>\n    <\/div>\n  <\/div>\n\n","protected":false},"excerpt":{"rendered":"","protected":false},"author":1,"featured_media":0,"parent":0,"menu_order":0,"comment_status":"closed","ping_status":"closed","template":"","meta":{"footnotes":""},"class_list":["post-12","page","type-page","status-publish","hentry"],"acf":[],"_links":{"self":[{"href":"https:\/\/mamere.intside.co\/index.php\/wp-json\/wp\/v2\/pages\/12","targetHints":{"allow":["GET"]}}],"collection":[{"href":"https:\/\/mamere.intside.co\/index.php\/wp-json\/wp\/v2\/pages"}],"about":[{"href":"https:\/\/mamere.intside.co\/index.php\/wp-json\/wp\/v2\/types\/page"}],"author":[{"embeddable":true,"href":"https:\/\/mamere.intside.co\/index.php\/wp-json\/wp\/v2\/users\/1"}],"replies":[{"embeddable":true,"href":"https:\/\/mamere.intside.co\/index.php\/wp-json\/wp\/v2\/comments?post=12"}],"version-history":[{"count":8,"href":"https:\/\/mamere.intside.co\/index.php\/wp-json\/wp\/v2\/pages\/12\/revisions"}],"predecessor-version":[{"id":386,"href":"https:\/\/mamere.intside.co\/index.php\/wp-json\/wp\/v2\/pages\/12\/revisions\/386"}],"wp:attachment":[{"href":"https:\/\/mamere.intside.co\/index.php\/wp-json\/wp\/v2\/media?parent=12"}],"curies":[{"name":"wp","href":"https:\/\/api.w.org\/{rel}","templated":true}]}}