{"id":14,"date":"2026-01-21T13:26:07","date_gmt":"2026-01-21T12:26:07","guid":{"rendered":"https:\/\/mamere.intside.co\/?page_id=14"},"modified":"2026-01-27T18:56:54","modified_gmt":"2026-01-27T17:56:54","slug":"faq","status":"publish","type":"page","link":"https:\/\/mamere.intside.co\/index.php\/faq\/","title":{"rendered":"FAQ"},"content":{"rendered":"\n  <div id=\"faq-block_77674ddbd97db7d2220d3c728329ac85\" class=\"faq custombg pt-7 pt-lg-13\">\n    <div class=\"container\">\n      <div class=\"row\">\n        <div class=\"col-12 text-center\">\n          <div class=\"row\">\n                          <div class=\"col-lg-10 col-xl-8 mx-lg-auto\">\n                <h1 class=\"mb-0\">Foire aux questions (FAQ)<\/h1>  \n              <\/div>\n                                      <p class=\"mt-4 mb-0\"><p>Tout ce que vous devez savoir<\/p>\n<\/p>\n                      <\/div>  \n        <\/div>\n                  <div class=\"col-lg-10 col-xl-8 mx-xl-auto mt-5 mt-lg-9\">\n            <div id=\"accordionFlush\">\n                            \n                <div class=\"accordion accordion-flush custom-accordion0\">\n                  <div class=\"accordion-item py-4 pb-lg-5\">\n\n                    <h2 class=\"accordion-header mb-0\">\n                      <button\n                        class=\"accordion-button p-0 \"\n                        type=\"button\"\n                        data-bs-toggle=\"collapse\"\n                        data-bs-target=\"#collapse-0\"\n                        aria-expanded=\"true\"\n                        aria-controls=\"collapse-0\"\n                      >\n                        Qu\u2019est-ce que Mamere ?                      <\/button>\n                    <\/h2>\n\n                    <div\n                      id=\"collapse-0\"\n                      class=\"accordion-collapse collapse show\"\n                      data-bs-parent=\"#accordionFlush\"\n                    >\n                      <div class=\"accordion-body p-0 pt-2\">\n                        Mamere est une plateforme d\u00e9di\u00e9e aux femmes et aux m\u00e8res, offrant des ressources, du soutien et une communaut\u00e9 bienveillante pour accompagner les diff\u00e9rentes \u00e9tapes de la maternit\u00e9, y compris les moments de joie comme les \u00e9preuves plus difficiles.                      <\/div>\n                    <\/div>\n\n                  <\/div>\n                <\/div>\n\n                            \n                <div class=\"accordion accordion-flush custom-accordion1\">\n                  <div class=\"accordion-item py-4 pb-lg-5\">\n\n                    <h2 class=\"accordion-header mb-0\">\n                      <button\n                        class=\"accordion-button p-0 collapsed\"\n                        type=\"button\"\n                        data-bs-toggle=\"collapse\"\n                        data-bs-target=\"#collapse-1\"\n                        aria-expanded=\"false\"\n                        aria-controls=\"collapse-1\"\n                      >\n                        \u00c0 qui s\u2019adresse Mamere ?                      <\/button>\n                    <\/h2>\n\n                    <div\n                      id=\"collapse-1\"\n                      class=\"accordion-collapse collapse \"\n                      data-bs-parent=\"#accordionFlush\"\n                    >\n                      <div class=\"accordion-body p-0 pt-2\">\n                        Mamere s\u2019adresse \u00e0 toutes les femmes : futures m\u00e8res, jeunes mamans, mamanges, ainsi qu\u2019\u00e0 celles qui traversent un deuil p\u00e9rinatal ou une interruption tardive de grossesse.                      <\/div>\n                    <\/div>\n\n                  <\/div>\n                <\/div>\n\n                            \n                <div class=\"accordion accordion-flush custom-accordion2\">\n                  <div class=\"accordion-item py-4 pb-lg-5\">\n\n                    <h2 class=\"accordion-header mb-0\">\n                      <button\n                        class=\"accordion-button p-0 collapsed\"\n                        type=\"button\"\n                        data-bs-toggle=\"collapse\"\n                        data-bs-target=\"#collapse-2\"\n                        aria-expanded=\"false\"\n                        aria-controls=\"collapse-2\"\n                      >\n                        Quels types de ressources proposez-vous ?                      <\/button>\n                    <\/h2>\n\n                    <div\n                      id=\"collapse-2\"\n                      class=\"accordion-collapse collapse \"\n                      data-bs-parent=\"#accordionFlush\"\n                    >\n                      <div class=\"accordion-body p-0 pt-2\">\n                        Nous proposons des articles, des t\u00e9moignages, des conseils psychologiques, ainsi que des contenus autour de la maternit\u00e9, du deuil p\u00e9rinatal, de la sant\u00e9 mentale et du bien-\u00eatre \u00e9motionnel.                      <\/div>\n                    <\/div>\n\n                  <\/div>\n                <\/div>\n\n                            \n                <div class=\"accordion accordion-flush custom-accordion3\">\n                  <div class=\"accordion-item py-4 pb-lg-5\">\n\n                    <h2 class=\"accordion-header mb-0\">\n                      <button\n                        class=\"accordion-button p-0 collapsed\"\n                        type=\"button\"\n                        data-bs-toggle=\"collapse\"\n                        data-bs-target=\"#collapse-3\"\n                        aria-expanded=\"false\"\n                        aria-controls=\"collapse-3\"\n                      >\n                        Les contenus sont-ils r\u00e9dig\u00e9s par des professionnels ?                      <\/button>\n                    <\/h2>\n\n                    <div\n                      id=\"collapse-3\"\n                      class=\"accordion-collapse collapse \"\n                      data-bs-parent=\"#accordionFlush\"\n                    >\n                      <div class=\"accordion-body p-0 pt-2\">\n                        Certains contenus sont r\u00e9dig\u00e9s ou valid\u00e9s par des professionnels, d\u2019autres sont issus de t\u00e9moignages authentiques de femmes. Cette diversit\u00e9 permet une approche humaine et r\u00e9aliste.                      <\/div>\n                    <\/div>\n\n                  <\/div>\n                <\/div>\n\n                            \n                <div class=\"accordion accordion-flush custom-accordion4\">\n                  <div class=\"accordion-item py-4 pb-lg-5\">\n\n                    <h2 class=\"accordion-header mb-0\">\n                      <button\n                        class=\"accordion-button p-0 collapsed\"\n                        type=\"button\"\n                        data-bs-toggle=\"collapse\"\n                        data-bs-target=\"#collapse-4\"\n                        aria-expanded=\"false\"\n                        aria-controls=\"collapse-4\"\n                      >\n                        Organisez-vous des \u00e9v\u00e9nements ?                      <\/button>\n                    <\/h2>\n\n                    <div\n                      id=\"collapse-4\"\n                      class=\"accordion-collapse collapse \"\n                      data-bs-parent=\"#accordionFlush\"\n                    >\n                      <div class=\"accordion-body p-0 pt-2\">\n                        Oui, Mamere organise ponctuellement des \u00e9v\u00e9nements (en ligne ou en pr\u00e9sentiel) : cercles de parole, ateliers, conf\u00e9rences et rencontres communautaires.                      <\/div>\n                    <\/div>\n\n                  <\/div>\n                <\/div>\n\n                            \n                <div class=\"accordion accordion-flush custom-accordion5\">\n                  <div class=\"accordion-item py-4 pb-lg-5\">\n\n                    <h2 class=\"accordion-header mb-0\">\n                      <button\n                        class=\"accordion-button p-0 collapsed\"\n                        type=\"button\"\n                        data-bs-toggle=\"collapse\"\n                        data-bs-target=\"#collapse-5\"\n                        aria-expanded=\"false\"\n                        aria-controls=\"collapse-5\"\n                      >\n                        Comment \u00eatre inform\u00e9e des prochains \u00e9v\u00e9nements ?                      <\/button>\n                    <\/h2>\n\n                    <div\n                      id=\"collapse-5\"\n                      class=\"accordion-collapse collapse \"\n                      data-bs-parent=\"#accordionFlush\"\n                    >\n                      <div class=\"accordion-body p-0 pt-2\">\n                        En vous inscrivant \u00e0 notre newsletter ou en consultant la rubrique \u00c9v\u00e9nements du site.                      <\/div>\n                    <\/div>\n\n                  <\/div>\n                <\/div>\n\n                          <\/div>\n          <\/div>\n                          <div class=\" col-12 pt-5 pt-lg-9 text-center\">\n            <div class=\"row help-content\">\n                              <div class=\"col-lg-10 col-xl-8 mx-lg-auto\">\n                                      <ul class=\"help-user\">\n                                              <li><img loading=\"lazy\" decoding=\"async\" width=\"640\" height=\"640\" src=\"https:\/\/mamere.intside.co\/wp-content\/uploads\/2026\/01\/user-1-1.png\" class=\"attachment-full size-full\" alt=\"\" srcset=\"https:\/\/mamere.intside.co\/wp-content\/uploads\/2026\/01\/user-1-1.png 640w, https:\/\/mamere.intside.co\/wp-content\/uploads\/2026\/01\/user-1-1-300x300.png 300w, https:\/\/mamere.intside.co\/wp-content\/uploads\/2026\/01\/user-1-1-150x150.png 150w\" sizes=\"auto, (max-width: 640px) 100vw, 640px\" \/><\/li>\n                                              <li><img loading=\"lazy\" decoding=\"async\" width=\"640\" height=\"640\" src=\"https:\/\/mamere.intside.co\/wp-content\/uploads\/2026\/01\/user-3.png\" class=\"attachment-full size-full\" alt=\"\" srcset=\"https:\/\/mamere.intside.co\/wp-content\/uploads\/2026\/01\/user-3.png 640w, https:\/\/mamere.intside.co\/wp-content\/uploads\/2026\/01\/user-3-300x300.png 300w, https:\/\/mamere.intside.co\/wp-content\/uploads\/2026\/01\/user-3-150x150.png 150w\" sizes=\"auto, (max-width: 640px) 100vw, 640px\" \/><\/li>\n                                              <li><img loading=\"lazy\" decoding=\"async\" width=\"640\" height=\"640\" src=\"https:\/\/mamere.intside.co\/wp-content\/uploads\/2026\/01\/user-2.png\" class=\"attachment-full size-full\" alt=\"\" srcset=\"https:\/\/mamere.intside.co\/wp-content\/uploads\/2026\/01\/user-2.png 640w, https:\/\/mamere.intside.co\/wp-content\/uploads\/2026\/01\/user-2-300x300.png 300w, https:\/\/mamere.intside.co\/wp-content\/uploads\/2026\/01\/user-2-150x150.png 150w\" sizes=\"auto, (max-width: 640px) 100vw, 640px\" \/><\/li>\n                                          <\/ul>\n                                                        <h3 class=\"mt-3 mb-0\">Vous avez encore des questions ?<\/h3>  \n                                  <\/div>\n                \n                              <div class=\"col-lg-10 col-xl-8 mx-lg-auto mt-2\">\n                  <div class=\"content-desc\">Vous ne trouvez pas la r\u00e9ponse que vous cherchez ? Discutez avec notre \u00e9quipe de psychologues professionnels.<\/div>   \n                <\/div>\n                                            <div class=\"col-12 mt-4 mt-lg-5\">\n                    <a class=\"btn btn-primary\" href=\"#\" target=\"_self\">\n                      Parler avec un de nos psychologues                     <\/a>\n                <\/div>\n                            <\/div>  \n            \n        <\/div>\n\n      <\/div>\n    <\/div>\n  <\/div>\n\n\n\n  <div id=\"resource-block_52028aac8bfbe3863567c35aeeb82df4\" class=\"pt-8 pt-lg-16\"> \n    <div class=\"container\">\n      <div class=\"row\">\n        <div class=\"col-12 text-center\">\n                      <p class=\"h3 mb-0\"> Articles recents<\/p>\n                  <\/div>\n         \n          <div class=\"col-12 mt-4 mt-lg-5\">\n            <div class=\"posts-slick\">\n                              \n\t<div class=\"post-card\">\n\t\t\t\t\t<div><img loading=\"lazy\" decoding=\"async\" width=\"592\" height=\"276\" src=\"https:\/\/mamere.intside.co\/wp-content\/uploads\/2026\/01\/family-cooking-tasty-desserts--592x276.png\" class=\"w-100\" alt=\"\" \/><\/div>\n\t\t\t\t<div class=\"pt-4 pt-lg-5\">\n\t\t\t\t\t\t\t<ul class=\"card-author\">\n\t\t\t\t\t<li>Adjovi Hounkpatin<\/li>\n\t\t\t\t\t\t\t\t\t\t\t<li>\u2022<\/li>\n\t\t\t\t\t\t<li>27 Jan 2026<\/li>\n\t\t\t\t\t\t\n\t\t\t\t<\/ul>\n\t\t\t\t\n\t\t\t  \n\t\t\t\t<p class=\"h3 mb-0\">\n\t\t\t\t\t<a class=\"text-ellipsis\" href=\"https:\/\/mamere.intside.co\/index.php\/2026\/01\/27\/les-grands-parents-et-la-maternite\/\">Les grands-parents et la maternit\u00e9<\/a>\n\t\t\t\t<\/p>\n\t\t\t\t\t\t\t\t\t\t<p class=\"card-text mb-0\">Les grands-parents jouent un r\u00f4le crucial dans le soutien \u00e9motionnel et pratique des jeunes parents. Cet&#8230;<\/p>\n\t\t\t\t\t<\/div>\n\t<\/div>\n\n                              \n\t<div class=\"post-card\">\n\t\t\t\t\t<div><img loading=\"lazy\" decoding=\"async\" width=\"592\" height=\"276\" src=\"https:\/\/mamere.intside.co\/wp-content\/uploads\/2026\/01\/aliment-grossesse-592x276.png\" class=\"w-100\" alt=\"\" \/><\/div>\n\t\t\t\t<div class=\"pt-4 pt-lg-5\">\n\t\t\t\t\t\t\t<ul class=\"card-author\">\n\t\t\t\t\t<li>Afi Dossou<\/li>\n\t\t\t\t\t\t\t\t\t\t\t<li>\u2022<\/li>\n\t\t\t\t\t\t<li>27 Jan 2026<\/li>\n\t\t\t\t\t\t\n\t\t\t\t<\/ul>\n\t\t\t\t\n\t\t\t  \n\t\t\t\t<p class=\"h3 mb-0\">\n\t\t\t\t\t<a class=\"text-ellipsis\" href=\"https:\/\/mamere.intside.co\/index.php\/2026\/01\/27\/nutrition-consciente\/\">Nutrition consciente<\/a>\n\t\t\t\t<\/p>\n\t\t\t\t\t\t\t\t\t\t<p class=\"card-text mb-0\">La nutrition joue un r\u00f4le essentiel dans la maternit\u00e9, pour la m\u00e8re et le b\u00e9b\u00e9. Cet&#8230;<\/p>\n\t\t\t\t\t<\/div>\n\t<\/div>\n\n                              \n\t<div class=\"post-card\">\n\t\t\t\t\t<div><img loading=\"lazy\" decoding=\"async\" width=\"592\" height=\"276\" src=\"https:\/\/mamere.intside.co\/wp-content\/uploads\/2026\/01\/man-holding-girl-1-592x276.png\" class=\"w-100\" alt=\"\" \/><\/div>\n\t\t\t\t<div class=\"pt-4 pt-lg-5\">\n\t\t\t\t\t\t\t<ul class=\"card-author\">\n\t\t\t\t\t<li>Ayaba Agossou<\/li>\n\t\t\t\t\t\t\t\t\t\t\t<li>\u2022<\/li>\n\t\t\t\t\t\t<li>27 Jan 2026<\/li>\n\t\t\t\t\t\t\n\t\t\t\t<\/ul>\n\t\t\t\t\n\t\t\t  \n\t\t\t\t<p class=\"h3 mb-0\">\n\t\t\t\t\t<a class=\"text-ellipsis\" href=\"https:\/\/mamere.intside.co\/index.php\/2026\/01\/27\/papa-et-maternite\/\">Papa et maternit\u00e9<\/a>\n\t\t\t\t<\/p>\n\t\t\t\t\t\t\t\t\t\t<p class=\"card-text mb-0\">La maternit\u00e9 n\u2019est pas seulement une exp\u00e9rience f\u00e9minine : le r\u00f4le du p\u00e8re est central. Cet&#8230;<\/p>\n\t\t\t\t\t<\/div>\n\t<\/div>\n\n                          <\/div>\n          <\/div>\n              <\/div>\n    <\/div>\n  <\/div>\n\n","protected":false},"excerpt":{"rendered":"","protected":false},"author":1,"featured_media":0,"parent":0,"menu_order":0,"comment_status":"closed","ping_status":"closed","template":"","meta":{"footnotes":""},"class_list":["post-14","page","type-page","status-publish","hentry"],"acf":[],"_links":{"self":[{"href":"https:\/\/mamere.intside.co\/index.php\/wp-json\/wp\/v2\/pages\/14","targetHints":{"allow":["GET"]}}],"collection":[{"href":"https:\/\/mamere.intside.co\/index.php\/wp-json\/wp\/v2\/pages"}],"about":[{"href":"https:\/\/mamere.intside.co\/index.php\/wp-json\/wp\/v2\/types\/page"}],"author":[{"embeddable":true,"href":"https:\/\/mamere.intside.co\/index.php\/wp-json\/wp\/v2\/users\/1"}],"replies":[{"embeddable":true,"href":"https:\/\/mamere.intside.co\/index.php\/wp-json\/wp\/v2\/comments?post=14"}],"version-history":[{"count":15,"href":"https:\/\/mamere.intside.co\/index.php\/wp-json\/wp\/v2\/pages\/14\/revisions"}],"predecessor-version":[{"id":333,"href":"https:\/\/mamere.intside.co\/index.php\/wp-json\/wp\/v2\/pages\/14\/revisions\/333"}],"wp:attachment":[{"href":"https:\/\/mamere.intside.co\/index.php\/wp-json\/wp\/v2\/media?parent=14"}],"curies":[{"name":"wp","href":"https:\/\/api.w.org\/{rel}","templated":true}]}}