{"id":43,"date":"2026-01-23T22:14:11","date_gmt":"2026-01-23T21:14:11","guid":{"rendered":"https:\/\/mamere.intside.co\/?page_id=43"},"modified":"2026-01-30T14:16:08","modified_gmt":"2026-01-30T13:16:08","slug":"accueil","status":"publish","type":"page","link":"https:\/\/mamere.intside.co\/","title":{"rendered":"Accueil"},"content":{"rendered":"\n  <div id=\"about-block_5997c542ac5a1c8deaf295a3c8cdaab3\" class=\"about primary-bg space_small-top\"> \n \n    <div class=\"container\">\n      <div class=\"row \">\n                  <div class=\"col-xl-6 order-1 order-lg-1\">    \n            <img loading=\"lazy\" decoding=\"async\" width=\"582\" height=\"576\" src=\"https:\/\/mamere.intside.co\/wp-content\/uploads\/2026\/01\/welcome.png\" class=\"w-100\" alt=\"\" srcset=\"https:\/\/mamere.intside.co\/wp-content\/uploads\/2026\/01\/welcome.png 582w, https:\/\/mamere.intside.co\/wp-content\/uploads\/2026\/01\/welcome-300x297.png 300w\" sizes=\"auto, (max-width: 582px) 100vw, 582px\" \/>          <\/div>\n         \n      \n        <div class=\"col-xl-6 order-2 order-lg-2 mt-4 mt-lg-0\">\n          <div class=\"pb-6 pb-lg-11 pt-lg-5\">\n                          <div class=\"content-title\"><h1>Faites-vous confiance, et prenez soins de vous<\/h1>\n<\/div> \n             \n                          <div class=\"content-desc mt-3 mt-lg-4\"><p>Bienvenue dans le merveilleux monde d&rsquo;une maternit\u00e9 d\u00e9complex\u00e9e et soutenue en Afrique<\/p>\n<\/div>\n             \n                          <a class=\"btn btn-primary mt-3\" href=\"#\" target=\"_self\">\n                Rejoignez-nous              <\/a>\n                      <\/div>\n                      <div class=\"row\">\n              \n              <div class=\"col-6\">    \n                <img loading=\"lazy\" decoding=\"async\" width=\"260\" height=\"315\" src=\"https:\/\/mamere.intside.co\/wp-content\/uploads\/2026\/01\/BG-1.png\" class=\"w-100\" alt=\"\" srcset=\"https:\/\/mamere.intside.co\/wp-content\/uploads\/2026\/01\/BG-1.png 260w, https:\/\/mamere.intside.co\/wp-content\/uploads\/2026\/01\/BG-1-248x300.png 248w\" sizes=\"auto, (max-width: 260px) 100vw, 260px\" \/>              <\/div>\n          \n                                                <div class=\"col-6\"> \n                    <div class=\"about-video\">\n                      <img loading=\"lazy\" decoding=\"async\" width=\"176\" height=\"224\" src=\"https:\/\/mamere.intside.co\/wp-content\/uploads\/2026\/01\/BG.png\" class=\"attachment-full size-full\" alt=\"\" \/>                         \n                                              <div class=\"video-text\"><p class=\"mb-0\">Voir notre video<\/p><\/div>\n                        \n                    <\/div>\n                    <div class=\"modal fade\" id=\"videoModal\" tabindex=\"-1\" aria-hidden=\"true\">\n                      <div class=\"modal-dialog modal-dialog-centered modal-lg\">\n                        <div class=\"modal-content\">\n                          <div class=\"modal-body\">\n                            <div class=\"ratio ratio-16x9\">\n                                                          <\/div>\n                          <\/div>\n                          <button type=\"button\" class=\"btn-close\" data-bs-dismiss=\"modal\" aria-label=\"Close\"><\/button>\n                        <\/div>\n                      <\/div>\n                    <\/div>\n                  <\/div>\n                  \n            <\/div >\n           \n        <\/div>\n      <\/div>\n    <\/div>\n  <\/div>\n\n\n\n\n  <div id=\"hands-block_c99921b41e944245b332a62dd4d2d087\" class=\"custombg pt-8 pt-lg-16\"> \n    <div class=\"container\">\n      <div class=\"row\">\n        <div class=\"col-12\">\n                      <h2 class=\"d-block d-sm-inline-block mb-0 me-sm-2 me-lg-5\"> Mains Tendues<\/h2>\n                                <span>Articles r\u00e9cents<\/span>\n                  <\/div>\n         \n          <div class=\"col-12 mt-4 mt-lg-5\">\n            <div class=\"preview-post-content\">\n                              \n\t<div class=\"post-card\">\n\t\t\t\t\t<div><img loading=\"lazy\" decoding=\"async\" width=\"592\" height=\"276\" src=\"https:\/\/mamere.intside.co\/wp-content\/uploads\/2026\/01\/3-astuces-etre-productive-toute-journee-592x276.png\" class=\"w-100\" alt=\"\" \/><\/div>\n\t\t\t\t<div>\n\t\t\t\t\t\t\t<ul class=\"card-author\">\n\t\t\t\t\t<li>Adjovi Dovonou<\/li>\n\t\t\t\t\t\t\t\t\t\t\t<li>\u2022<\/li>\n\t\t\t\t\t\t<li>27 Jan 2026<\/li>\n\t\t\t\t\t\t\n\t\t\t\t<\/ul>\n\t\t\t\t\n\t\t\t  \n\t\t\t\t<p class=\"h3 mb-0\">\n\t\t\t\t\t<a class=\"text-ellipsis\" href=\"https:\/\/mamere.intside.co\/index.php\/mains-tendue\/comment-bien-commencer-sa-journee-pour-etre-plus-productive\/\">Comment bien commencer sa journ\u00e9e pour \u00eatre plus productive<\/a>\n\t\t\t\t<\/p>\n\t\t\t\t\t\t\t\t\t\t<p class=\"card-text mb-0\">Bien commencer sa journ\u00e9e influence fortement notre humeur, notre \u00e9nergie et notre efficacit\u00e9. Une routine matinale&#8230;<\/p>\n\t\t\t\t\t<\/div>\n\t<\/div>\n\n                              \n\t<div class=\"post-card\">\n\t\t\t\t\t<div><img loading=\"lazy\" decoding=\"async\" width=\"592\" height=\"276\" src=\"https:\/\/mamere.intside.co\/wp-content\/uploads\/2026\/01\/naitre-grandir-developpement-sens-toucher-592x276.png\" class=\"w-100\" alt=\"\" \/><\/div>\n\t\t\t\t<div>\n\t\t\t\t\t\t\t<ul class=\"card-author\">\n\t\t\t\t\t<li>George Burton<\/li>\n\t\t\t\t\t\t\t\t\t\t\t<li>\u2022<\/li>\n\t\t\t\t\t\t<li>27 Jan 2026<\/li>\n\t\t\t\t\t\t\n\t\t\t\t<\/ul>\n\t\t\t\t\n\t\t\t  \n\t\t\t\t<p class=\"h3 mb-0\">\n\t\t\t\t\t<a class=\"text-ellipsis\" href=\"https:\/\/mamere.intside.co\/index.php\/mains-tendue\/je-ne-me-sens-pas-connectee-a-mon-bebe\/\">Je ne me sens pas connect\u00e9e \u00e0 mon b\u00e9b\u00e9<\/a>\n\t\t\t\t<\/p>\n\t\t\t\t\t\t\t\t\t\t<p class=\"card-text mb-0\">Tu le regardes. Ce petit \u00eatre que tu as port\u00e9 pendant 9 mois. Qui est sorti&#8230;<\/p>\n\t\t\t\t\t<\/div>\n\t<\/div>\n\n                              \n\t<div class=\"post-card\">\n\t\t\t\t\t<div><img loading=\"lazy\" decoding=\"async\" width=\"592\" height=\"276\" src=\"https:\/\/mamere.intside.co\/wp-content\/uploads\/2026\/01\/femmes.png\" class=\"w-100\" alt=\"\" srcset=\"https:\/\/mamere.intside.co\/wp-content\/uploads\/2026\/01\/femmes.png 592w, https:\/\/mamere.intside.co\/wp-content\/uploads\/2026\/01\/femmes-300x140.png 300w\" sizes=\"auto, (max-width: 592px) 100vw, 592px\" \/><\/div>\n\t\t\t\t<div>\n\t\t\t\t\t\t\t<ul class=\"card-author\">\n\t\t\t\t\t<li>Afi Hounnou<\/li>\n\t\t\t\t\t\t\t\t\t\t\t<li>\u2022<\/li>\n\t\t\t\t\t\t<li>27 Jan 2026<\/li>\n\t\t\t\t\t\t\n\t\t\t\t<\/ul>\n\t\t\t\t\n\t\t\t  \n\t\t\t\t<p class=\"h3 mb-0\">\n\t\t\t\t\t<a class=\"text-ellipsis\" href=\"https:\/\/mamere.intside.co\/index.php\/mains-tendue\/se-reconnecter-a-soi-apres-la-maternite\/\">Se reconnecter \u00e0 soi apr\u00e8s la maternit\u00e9<\/a>\n\t\t\t\t<\/p>\n\t\t\t\t\t\t\t\t\t\t<p class=\"card-text mb-0\">La maternit\u00e9 transforme la vie, parfois au point d\u2019oublier ses propres besoins. Cet article propose des&#8230;<\/p>\n\t\t\t\t\t<\/div>\n\t<\/div>\n\n                          <\/div>\n          <\/div>\n              <\/div>\n    <\/div>\n  <\/div>\n\n\n\n\n  <div id=\"join-block_26eb9d36d4f3c0610a1cec37db6fd6db\" class=\"join pt-8 pt-lg-16\"> \n \n    <div class=\"container-fluid container-xxl\">\n      <div class=\"row\">\n                <div class=\"col-xl-9 offset-xl-3\">\n          <div class=\"px-3 px-xl-0\">\n            <div class=\"join-content join-content-right row tertiary-bg align-items-lg-center py-4 py-xl-0\">\n              <div class=\"col-xl-2 d-none d-xl-block p-0 order-lg-1\">\n                <div class=\"circle-1\">\n                  <div><\/div>\n                <\/div>\n              <\/div>\n              <div class=\"col-xl-6 mb-3 mb-xl-0 order-2\">\n                                  <h2>Parler avec un expert<\/h2>\n                 \n                                  <div class=\"content-desc\"><div>\n<div class=\"standard-markdown grid-cols-1 grid [&amp;_&gt;_*]:min-w-0 gap-3\">\n<p class=\"font-claude-response-body break-words whitespace-normal leading-[1.7]\">Parler avec un expert (psychologue, sage-femme sp\u00e9cialis\u00e9e, conseiller en p\u00e9rinatalit\u00e9, th\u00e9rapeute) n&rsquo;est PAS un signe de faiblesse. C&rsquo;est un acte de courage et d&rsquo;amour envers toi-m\u00eame et ton b\u00e9b\u00e9.<\/p>\n<\/div>\n<\/div>\n<div>\n<div class=\"standard-markdown grid-cols-1 grid [&amp;_&gt;_*]:min-w-0 gap-3\">\n<p class=\"font-claude-response-body break-words whitespace-normal leading-[1.7]\">\n<\/div>\n<\/div>\n<\/div>\n                              <\/div>\n                          <\/div>  \n          <\/div>\n        <\/div>\n              <\/div>\n    <\/div>\n  <\/div>\n\n\n\n\n  <div id=\"join-block_a8a61fd8811662d32e13a40831018c85\" class=\"join pt-8 pt-lg-16\"> \n \n    <div class=\"container-fluid container-xxl\">\n      <div class=\"row\">\n                <div class=\"col-xl-9 \">\n          <div class=\"px-3 px-xl-0\">\n            <div class=\"join-content join-content-left row default-bg align-items-lg-center py-4 py-xl-0\">\n              <div class=\"col-xl-2 d-none d-xl-block p-0 order-lg-3\">\n                <div class=\"circle-2\">\n                  <div><\/div>\n                                    \n                          \n                      \n                      \n                <\/div>\n\n                                  <div class=\"modal fade\" id=\"videoJoin\" tabindex=\"-1\" aria-hidden=\"true\">\n                    <div class=\"modal-dialog modal-dialog-centered modal-lg\">\n                      <div class=\"modal-content\">\n                        <div class=\"modal-body\">\n                          <div class=\"ratio ratio-16x9\">\n                                                      <\/div>\n                        <\/div>\n                        <button type=\"button\" class=\"btn-close\" data-bs-dismiss=\"modal\" aria-label=\"Close\"><\/button>\n                      <\/div>\n                    <\/div>\n                  <\/div>\n                  \n\n              <\/div>\n                              <div class=\"col-xl-4 text-xl-center order-3 order-lg-2\">\n                  <a class=\"btn btn-secondary\" href=\"#\" target=\"_self\">\n                    Rejoignez-nous                  <\/a>\n                <\/div>\n                            <div class=\"col-xl-5 mb-3 mb-xl-0 order-2 offset-xl-1 order-lg-1\">\n                                  <h2>Entre Nous<\/h2>\n                 \n                                  <div class=\"content-desc\"><p>Ensemble, tout au long de votre parcours de maternit\u00e9. Ensemble, tout au long de votre parcours de maternit\u00e9.<\/p>\n<\/div>\n                              <\/div>\n            <\/div>\n          <\/div>    \n        <\/div>\n                <\/div>\n    <\/div>\n  <\/div>\n\n","protected":false},"excerpt":{"rendered":"","protected":false},"author":1,"featured_media":0,"parent":0,"menu_order":0,"comment_status":"closed","ping_status":"closed","template":"","meta":{"footnotes":""},"class_list":["post-43","page","type-page","status-publish","hentry"],"acf":[],"_links":{"self":[{"href":"https:\/\/mamere.intside.co\/index.php\/wp-json\/wp\/v2\/pages\/43","targetHints":{"allow":["GET"]}}],"collection":[{"href":"https:\/\/mamere.intside.co\/index.php\/wp-json\/wp\/v2\/pages"}],"about":[{"href":"https:\/\/mamere.intside.co\/index.php\/wp-json\/wp\/v2\/types\/page"}],"author":[{"embeddable":true,"href":"https:\/\/mamere.intside.co\/index.php\/wp-json\/wp\/v2\/users\/1"}],"replies":[{"embeddable":true,"href":"https:\/\/mamere.intside.co\/index.php\/wp-json\/wp\/v2\/comments?post=43"}],"version-history":[{"count":51,"href":"https:\/\/mamere.intside.co\/index.php\/wp-json\/wp\/v2\/pages\/43\/revisions"}],"predecessor-version":[{"id":389,"href":"https:\/\/mamere.intside.co\/index.php\/wp-json\/wp\/v2\/pages\/43\/revisions\/389"}],"wp:attachment":[{"href":"https:\/\/mamere.intside.co\/index.php\/wp-json\/wp\/v2\/media?parent=43"}],"curies":[{"name":"wp","href":"https:\/\/api.w.org\/{rel}","templated":true}]}}